{"id":1818,"date":"2021-12-22T10:44:57","date_gmt":"2021-12-22T08:44:57","guid":{"rendered":"https:\/\/ssmtn.sk\/?page_id=1818"},"modified":"2023-10-31T15:16:32","modified_gmt":"2023-10-31T13:16:32","slug":"podpora-opatrovatelskej-sluzby-ii","status":"publish","type":"page","link":"https:\/\/ssmtn.sk\/?page_id=1818","title":{"rendered":"Podpora opatrovate\u013eskej slu\u017eby II"},"content":{"rendered":"<p><strong><span style=\"color: #ff0000;\">PUBLICITA PROJEKTU PODPORA OPATROVATE2SKEJ SLU\u017dBY II v zmysle \u010d. 5 , ods. 3 zmluvy o NFP uzatvorenej medzi MPSVaR SR a SSMTN:<\/span><\/strong><\/p>\n<p><a href=\"https:\/\/ssmtn.sk\/wp-content\/uploads\/2023\/02\/PODPORA-OPATROVATELSKEJ-SLUZBY-II-1.pdf\">PUBLICITA PROJEKTU PODPORA OPATROVATE\u013dSKEJ SLU\u017dBY II<\/a><\/p>\n<div id=\"attachment_2028\" style=\"width: 234px\" class=\"wp-caption alignnone\"><img aria-describedby=\"caption-attachment-2028\" loading=\"lazy\" class=\"size-medium wp-image-2028\" src=\"https:\/\/ssmtn.sk\/wp-content\/uploads\/2023\/10\/IMG_20231026_122922-002-224x300.jpg\" alt=\"sprievod k lek\u00e1rovi\" width=\"224\" height=\"300\" srcset=\"https:\/\/ssmtn.sk\/wp-content\/uploads\/2023\/10\/IMG_20231026_122922-002-224x300.jpg 224w, https:\/\/ssmtn.sk\/wp-content\/uploads\/2023\/10\/IMG_20231026_122922-002-766x1024.jpg 766w, https:\/\/ssmtn.sk\/wp-content\/uploads\/2023\/10\/IMG_20231026_122922-002-768x1026.jpg 768w, https:\/\/ssmtn.sk\/wp-content\/uploads\/2023\/10\/IMG_20231026_122922-002-1149x1536.jpg 1149w, https:\/\/ssmtn.sk\/wp-content\/uploads\/2023\/10\/IMG_20231026_122922-002-1532x2048.jpg 1532w, https:\/\/ssmtn.sk\/wp-content\/uploads\/2023\/10\/IMG_20231026_122922-002-scaled.jpg 1916w\" sizes=\"(max-width: 224px) 100vw, 224px\" \/><p id=\"caption-attachment-2028\" class=\"wp-caption-text\">sprievod k lek\u00e1rovi<\/p><\/div>\n<div id=\"attachment_2027\" style=\"width: 234px\" class=\"wp-caption alignnone\"><a href=\"https:\/\/ssmtn.sk\/wp-content\/uploads\/2023\/10\/IMG_20231026_094748-004-scaled.jpg\"><img aria-describedby=\"caption-attachment-2027\" loading=\"lazy\" class=\"size-medium wp-image-2027\" src=\"https:\/\/ssmtn.sk\/wp-content\/uploads\/2023\/10\/IMG_20231026_094748-004-224x300.jpg\" alt=\"rann\u00fd rozhovor, \u010do budeme dnes robi\u0165\" width=\"224\" height=\"300\" srcset=\"https:\/\/ssmtn.sk\/wp-content\/uploads\/2023\/10\/IMG_20231026_094748-004-224x300.jpg 224w, https:\/\/ssmtn.sk\/wp-content\/uploads\/2023\/10\/IMG_20231026_094748-004-766x1024.jpg 766w, https:\/\/ssmtn.sk\/wp-content\/uploads\/2023\/10\/IMG_20231026_094748-004-768x1026.jpg 768w, https:\/\/ssmtn.sk\/wp-content\/uploads\/2023\/10\/IMG_20231026_094748-004-1149x1536.jpg 1149w, https:\/\/ssmtn.sk\/wp-content\/uploads\/2023\/10\/IMG_20231026_094748-004-1532x2048.jpg 1532w, https:\/\/ssmtn.sk\/wp-content\/uploads\/2023\/10\/IMG_20231026_094748-004-scaled.jpg 1916w\" sizes=\"(max-width: 224px) 100vw, 224px\" \/><\/a><p id=\"caption-attachment-2027\" class=\"wp-caption-text\">rann\u00fd rozhovor, \u010do budeme dnes robi\u0165<\/p><\/div>\n<div id=\"attachment_2026\" style=\"width: 234px\" class=\"wp-caption alignnone\"><a href=\"https:\/\/ssmtn.sk\/wp-content\/uploads\/2023\/10\/IMG_20231026_092234-004-scaled.jpg\"><img aria-describedby=\"caption-attachment-2026\" loading=\"lazy\" class=\"size-medium wp-image-2026\" src=\"https:\/\/ssmtn.sk\/wp-content\/uploads\/2023\/10\/IMG_20231026_092234-004-224x300.jpg\" alt=\"pr\u00edprava ra\u0148ajok\" width=\"224\" height=\"300\" srcset=\"https:\/\/ssmtn.sk\/wp-content\/uploads\/2023\/10\/IMG_20231026_092234-004-224x300.jpg 224w, https:\/\/ssmtn.sk\/wp-content\/uploads\/2023\/10\/IMG_20231026_092234-004-766x1024.jpg 766w, https:\/\/ssmtn.sk\/wp-content\/uploads\/2023\/10\/IMG_20231026_092234-004-768x1026.jpg 768w, https:\/\/ssmtn.sk\/wp-content\/uploads\/2023\/10\/IMG_20231026_092234-004-1149x1536.jpg 1149w, https:\/\/ssmtn.sk\/wp-content\/uploads\/2023\/10\/IMG_20231026_092234-004-1532x2048.jpg 1532w, https:\/\/ssmtn.sk\/wp-content\/uploads\/2023\/10\/IMG_20231026_092234-004-scaled.jpg 1916w\" sizes=\"(max-width: 224px) 100vw, 224px\" \/><\/a><p id=\"caption-attachment-2026\" class=\"wp-caption-text\">pr\u00edprava ra\u0148ajok<\/p><\/div>\n<div id=\"attachment_2025\" style=\"width: 234px\" class=\"wp-caption alignnone\"><a href=\"https:\/\/ssmtn.sk\/wp-content\/uploads\/2023\/10\/IMG_20231026_091220-004-scaled.jpg\"><img aria-describedby=\"caption-attachment-2025\" loading=\"lazy\" class=\"size-medium wp-image-2025\" src=\"https:\/\/ssmtn.sk\/wp-content\/uploads\/2023\/10\/IMG_20231026_091220-004-224x300.jpg\" alt=\"za\u010diatok rann\u00e1 toaleta\" width=\"224\" height=\"300\" srcset=\"https:\/\/ssmtn.sk\/wp-content\/uploads\/2023\/10\/IMG_20231026_091220-004-224x300.jpg 224w, https:\/\/ssmtn.sk\/wp-content\/uploads\/2023\/10\/IMG_20231026_091220-004-766x1024.jpg 766w, https:\/\/ssmtn.sk\/wp-content\/uploads\/2023\/10\/IMG_20231026_091220-004-768x1026.jpg 768w, https:\/\/ssmtn.sk\/wp-content\/uploads\/2023\/10\/IMG_20231026_091220-004-1149x1536.jpg 1149w, https:\/\/ssmtn.sk\/wp-content\/uploads\/2023\/10\/IMG_20231026_091220-004-1532x2048.jpg 1532w, https:\/\/ssmtn.sk\/wp-content\/uploads\/2023\/10\/IMG_20231026_091220-004-scaled.jpg 1916w\" sizes=\"(max-width: 224px) 100vw, 224px\" \/><\/a><p id=\"caption-attachment-2025\" class=\"wp-caption-text\">za\u010diatok rann\u00e1 toaleta<\/p><\/div>\n<p>&nbsp;<\/p>\n<p>Po\u010das obdobia projektu od 1.11.2021 do 31.12.2022 bola opatrovate\u013esk\u00e1 slu\u017eba v dom\u00e1cnosti poskytnut\u00e1 celkovo 84 klientom, z toho 13 mu\u017eom a 71 \u017een\u00e1m. Rozsah opatrovate\u013eskej slu\u017eby bol od 2,00 hod\u00edn denne do 7,5 hod\u00edn denne.<\/p>\n<p>Hlavn\u00fd pr\u00ednos podpory opatrovate\u013eskej slu\u017eby je zotrvanie klientov v dom\u00e1com prostred\u00ed \u010do najdlh\u0161\u00ed \u010das,\u00a0 zos\u00faladenie pracovn\u00e9ho a rodinn\u00e9ho \u017eivota rodinn\u00fdch pr\u00edslu\u0161n\u00edkov klientov opatrovate\u013eskej slu\u017eby a z\u00e1rove\u0148 nie je vyv\u00edjan\u00fd tlak na pobytov\u00e9 soci\u00e1lne slu\u017eby .<\/p>\n<p>Od za\u010diatku realiz\u00e1cie projektu k 31.12.2022 bol\u00a0 \u00a0s podporou nen\u00e1vratn\u00e9ho finan\u010dn\u00e9ho pr\u00edspevku\u00a0 po\u010det opatrovan\u00fdch seniorov\u00a0 51, z toho 7 mu\u017eov a 44 \u017eien. Za cel\u00fd rok 2022 pribudlo do projektu 32 opatrovan\u00fdch \u017eien 4 mu\u017ei.<\/p>\n<p>Po\u010det zamestnancov, ktor\u00ed boli zapojen\u00ed do realiz\u00e1cie hlavnej aktivity projektu\u00a0 od decembra 2021 do decembra 2022 bol 43 opatrovateliek.<\/p>\n<p>Na z\u00e1klade predlo\u017een\u00fdch \u017eiadost\u00ed o nen\u00e1vratn\u00fd finan\u010dn\u00fd pr\u00edspevok bolo v roku 2022 vyplaten\u00e9\u00a0 na podporu opatrovate\u013eskej slu\u017eby v meste Tren\u010d\u00edn 174 276,55 \u20ac.<\/p>\n<p>&nbsp;<\/p>\n<p>&nbsp;<\/p>\n<p>&nbsp;<\/p>\n<p>&nbsp;<\/p>\n<p>&nbsp;<\/p>\n<p><span style=\"color: #ff0000;\">Ozn\u00e1menie o za\u010dat\u00ed realiz\u00e1cie dopytov\u00e9ho projektu:<\/span><\/p>\n<p>Soci\u00e1lne slu\u017eby mesta Tren\u010d\u00edn, m.r.o.\u00a0 realizuj\u00fa projekt pod n\u00e1zvom \u201ePodpora opatrovate\u013eskej slu\u017eby II \u201c. Celkov\u00fd rozpo\u010det projektu je 497 760,00 eur, projekt trv\u00e1 od 1.12.2021 do 30.11.2023, a je realizovan\u00fd za podpory Eur\u00f3pskeho soci\u00e1lneho fondu a Ministerstva pr\u00e1ce, soci\u00e1lnych vec\u00ed a rodiny SR z\u00a0 Opera\u010dn\u00e9ho programu \u013dudsk\u00e9 zdroje.<\/p>\n<p>Soci\u00e1lne slu\u017eby mesta Tren\u010d\u00edn t\u00fdmto\u00a0 projektom vytv\u00e1raj\u00fa pracovn\u00e9 miesta pre \u013eud\u00ed bez oh\u013eadu na pohlavie, rasu a vek, za predpokladu splnenia kvalifika\u010dn\u00fdch predpokladov na miesto opatrovate\u013eky. Do projektu je zapojen\u00fdch 31 zamestnancov, ktor\u00ed poskytuj\u00fa opatrovate\u013esk\u00fa slu\u017ebu s cie\u013eom podpori\u0165 zotrvanie os\u00f4b odk\u00e1zan\u00fdch na pomoc inej osoby v prirodzenom dom\u00e1com prostred\u00ed.<\/p>\n<p>V r\u00e1mci tohto projektu bude opatrovan\u00fdch 48 klientov, v \u010dasovom rozp\u00e4t\u00ed od 2 hod\u00edn denne po 7,5 hod\u00edn denne v pracovn\u00fdch d\u0148och.<\/p>\n<p>&nbsp;<\/p>\n<p style=\"text-align: center;\"><a href=\"https:\/\/ssmtn.sk\/wp-content\/uploads\/2022\/01\/logo.jpg\"><img loading=\"lazy\" class=\"alignnone wp-image-1856\" src=\"https:\/\/ssmtn.sk\/wp-content\/uploads\/2022\/01\/logo-300x23.jpg\" alt=\"\" width=\"573\" height=\"44\" srcset=\"https:\/\/ssmtn.sk\/wp-content\/uploads\/2022\/01\/logo-300x23.jpg 300w, https:\/\/ssmtn.sk\/wp-content\/uploads\/2022\/01\/logo.jpg 605w\" sizes=\"(max-width: 573px) 100vw, 573px\" \/><\/a><\/p>\n<p><strong>\u00a0 \u00a0 \u00a0 \u00a0 \u00a0 \u00a0 \u00a0 \u00a0 \u00a0 \u00a0 \u00a0 \u00a0 \u00a0 Soci\u00e1lne slu\u017eby mesta Tren\u010d\u00edn, m.r.o., ul. Piaristick\u00e1 42, Tren\u010d\u00edn<\/strong><\/p>\n<p style=\"text-align: center;\"><strong>realizuj\u00fa dopytovo orientovan\u00fd projekt<\/strong><\/p>\n<p style=\"text-align: center;\"><strong><u>Podpora opatrovate\u013eskej slu\u017eby II<\/u><\/strong><\/p>\n<p style=\"text-align: center;\"><strong>\u00a0\u00a0\u00a0\u00a0\u00a0\u00a0\u00a0\u00a0\u00a0\u00a0\u00a0\u00a0\u00a0\u00a0\u00a0\u00a0\u00a0\u00a0\u00a0\u00a0\u00a0\u00a0\u00a0\u00a0\u00a0\u00a0\u00a0\u00a0\u00a0\u00a0\u00a0\u00a0\u00a0\u00a0\u00a0\u00a0\u00a0\u00a0\u00a0\u00a0\u00a0\u00a0\u00a0\u00a0\u00a0\u00a0\u00a0 Miesto realiz\u00e1cie projektu:\u00a0 Mesto Tren\u010d\u00edn<\/strong><\/p>\n<p style=\"text-align: center;\"><strong>Trvanie projektu: 01.12.2021 \u2013 30.11.2023<\/strong><\/p>\n<p style=\"text-align: center;\"><strong>V\u00fd\u0161ka nen\u00e1vratn\u00e9ho pr\u00edspevku: 497 760,00 EUR<\/strong><\/p>\n<p style=\"text-align: center;\">Hlavn\u00fd cie\u013e projektu: Podpora obnovy po kr\u00edze spojenej s\u00a0pand\u00e9miou Covid- 19 vr\u00e1tane jej soci\u00e1lnych d\u00f4sledkov a\u00a0pr\u00edprava zelen\u00e9ho, digit\u00e1lneho a\u00a0odoln\u00e9ho o\u017eivenia hospod\u00e1rstva<\/p>\n<p style=\"text-align: center;\">Hlavn\u00e1 aktivita: poskytovanie dom\u00e1cej opatrovate\u013eskej slu\u017eby\u00a0 s\u00a0cie\u013eom podpori\u0165 zotrvanie os\u00f4b odk\u00e1zan\u00fdch na pomoc inej osoby v\u00a0rodinnom prostred\u00ed.<\/p>\n<p style=\"text-align: center;\"><strong>Tento projekt sa realizuje v\u010faka podpore z Eur\u00f3pskeho soci\u00e1lneho fondu a Eur\u00f3pskeho fondu region\u00e1lneho rozvoja v r\u00e1mci Opera\u010dn\u00e9ho programu \u013dudsk\u00e9 zdroje <\/strong><\/p>\n<p style=\"text-align: center;\"><span style=\"color: #0000ff;\">www.esf.gov.sk\u00a0 \u00a0 \u00a0 \u00a0 \u00a0 \u00a0 \u00a0 \u00a0 \u00a0 \u00a0 \u00a0 \u00a0 \u00a0 \u00a0 \u00a0 www.employment.gov.sk\u00a0 \u00a0 \u00a0 \u00a0 \u00a0 \u00a0 \u00a0 \u00a0 \u00a0 \u00a0 \u00a0 \u00a0 \u00a0 \u00a0 \u00a0<\/span><\/p>\n<p><a href=\"https:\/\/ssmtn.sk\/wp-content\/uploads\/2022\/01\/Propagacny-letak-A3.pdf\">Propaga\u010dn\u00fd let\u00e1k A3<\/a><\/p>\n<p>&nbsp;<\/p>\n","protected":false},"excerpt":{"rendered":"<p>PUBLICITA PROJEKTU PODPORA OPATROVATE2SKEJ SLU\u017dBY II v zmysle \u010d. 5 , ods. 3 zmluvy o NFP uzatvorenej medzi MPSVaR SR a SSMTN: PUBLICITA PROJEKTU PODPORA OPATROVATE\u013dSKEJ SLU\u017dBY II &nbsp; Po\u010das obdobia projektu od 1.11.2021 do 31.12.2022 bola opatrovate\u013esk\u00e1 slu\u017eba v dom\u00e1cnosti poskytnut\u00e1 celkovo 84 klientom, z toho 13 mu\u017eom a 71 \u017een\u00e1m. Rozsah opatrovate\u013eskej slu\u017eby [&hellip;]<\/p>\n","protected":false},"author":4,"featured_media":0,"parent":0,"menu_order":0,"comment_status":"closed","ping_status":"closed","template":"","meta":[],"_links":{"self":[{"href":"https:\/\/ssmtn.sk\/index.php?rest_route=\/wp\/v2\/pages\/1818"}],"collection":[{"href":"https:\/\/ssmtn.sk\/index.php?rest_route=\/wp\/v2\/pages"}],"about":[{"href":"https:\/\/ssmtn.sk\/index.php?rest_route=\/wp\/v2\/types\/page"}],"author":[{"embeddable":true,"href":"https:\/\/ssmtn.sk\/index.php?rest_route=\/wp\/v2\/users\/4"}],"replies":[{"embeddable":true,"href":"https:\/\/ssmtn.sk\/index.php?rest_route=%2Fwp%2Fv2%2Fcomments&post=1818"}],"version-history":[{"count":15,"href":"https:\/\/ssmtn.sk\/index.php?rest_route=\/wp\/v2\/pages\/1818\/revisions"}],"predecessor-version":[{"id":2031,"href":"https:\/\/ssmtn.sk\/index.php?rest_route=\/wp\/v2\/pages\/1818\/revisions\/2031"}],"wp:attachment":[{"href":"https:\/\/ssmtn.sk\/index.php?rest_route=%2Fwp%2Fv2%2Fmedia&parent=1818"}],"curies":[{"name":"wp","href":"https:\/\/api.w.org\/{rel}","templated":true}]}}