{"id":200,"date":"2014-02-17T17:21:37","date_gmt":"2014-02-17T15:21:37","guid":{"rendered":"http:\/\/ssmtn.sk\/?page_id=200"},"modified":"2026-04-22T12:29:05","modified_gmt":"2026-04-22T10:29:05","slug":"volne-pracovne-miesta","status":"publish","type":"page","link":"https:\/\/ssmtn.sk\/?page_id=200","title":{"rendered":"Vo\u013en\u00e9 pracovn\u00e9 miesta"},"content":{"rendered":"","protected":false},"excerpt":{"rendered":"","protected":false},"author":1,"featured_media":0,"parent":54,"menu_order":0,"comment_status":"closed","ping_status":"closed","template":"","meta":[],"_links":{"self":[{"href":"https:\/\/ssmtn.sk\/index.php?rest_route=\/wp\/v2\/pages\/200"}],"collection":[{"href":"https:\/\/ssmtn.sk\/index.php?rest_route=\/wp\/v2\/pages"}],"about":[{"href":"https:\/\/ssmtn.sk\/index.php?rest_route=\/wp\/v2\/types\/page"}],"author":[{"embeddable":true,"href":"https:\/\/ssmtn.sk\/index.php?rest_route=\/wp\/v2\/users\/1"}],"replies":[{"embeddable":true,"href":"https:\/\/ssmtn.sk\/index.php?rest_route=%2Fwp%2Fv2%2Fcomments&post=200"}],"version-history":[{"count":18,"href":"https:\/\/ssmtn.sk\/index.php?rest_route=\/wp\/v2\/pages\/200\/revisions"}],"predecessor-version":[{"id":2297,"href":"https:\/\/ssmtn.sk\/index.php?rest_route=\/wp\/v2\/pages\/200\/revisions\/2297"}],"up":[{"embeddable":true,"href":"https:\/\/ssmtn.sk\/index.php?rest_route=\/wp\/v2\/pages\/54"}],"wp:attachment":[{"href":"https:\/\/ssmtn.sk\/index.php?rest_route=%2Fwp%2Fv2%2Fmedia&parent=200"}],"curies":[{"name":"wp","href":"https:\/\/api.w.org\/{rel}","templated":true}]}}