{"id":54,"date":"2014-02-07T11:41:47","date_gmt":"2014-02-07T09:41:47","guid":{"rendered":"http:\/\/ssmtn.sk\/?page_id=54"},"modified":"2023-03-10T13:14:37","modified_gmt":"2023-03-10T11:14:37","slug":"o-nas","status":"publish","type":"page","link":"https:\/\/ssmtn.sk\/","title":{"rendered":"O n\u00e1s"},"content":{"rendered":"<p style=\"text-align: justify;\">\u00a0 \u00a0 \u00a0Soci\u00e1lne slu\u017eby mesta Tren\u010d\u00edn, m.r.o. (\u010falej len \u201eSSmT\u201c) boli zriaden\u00e9 Mestom Tren\u010d\u00edn od 1. janu\u00e1ra 2002 pod\u013ea \u00a7 4 ods. 3 p\u00edsm. j ) z\u00e1kona \u010d. 369\/1990 Zb. o\u00a0obecnom zriaden\u00ed v\u00a0znen\u00ed neskor\u0161\u00edch predpisov, z\u00e1kona \u010d. 303\/1995 Z. z. o\u00a0rozpo\u010dtov\u00fdch pravidl\u00e1ch v\u00a0znen\u00ed neskor\u0161\u00edch predpisov a\u00a0\u00a7 71 ods. 1 p\u00edsm. c ) z\u00e1kona \u010d. 195\/1998 Z. z. o\u00a0soci\u00e1lnej pomoci v\u00a0znen\u00ed neskor\u0161\u00edch predpisov na dobu neur\u010dit\u00fa na z\u00e1klade uznesenia Mestsk\u00e9ho zastupite\u013estva v\u00a0Tren\u010d\u00edne \u010d\u00edslo 136 z\u00a030. augusta 2001 ako samostatn\u00fd pr\u00e1vny subjekt.<\/p>\n<p style=\"text-align: justify;\">\n","protected":false},"excerpt":{"rendered":"<p>\u00a0 \u00a0 \u00a0Soci\u00e1lne slu\u017eby mesta Tren\u010d\u00edn, m.r.o. (\u010falej len \u201eSSmT\u201c) boli zriaden\u00e9 Mestom Tren\u010d\u00edn od 1. janu\u00e1ra 2002 pod\u013ea \u00a7 4 ods. 3 p\u00edsm. j ) z\u00e1kona \u010d. 369\/1990 Zb. o\u00a0obecnom zriaden\u00ed v\u00a0znen\u00ed neskor\u0161\u00edch predpisov, z\u00e1kona \u010d. 303\/1995 Z. z. o\u00a0rozpo\u010dtov\u00fdch pravidl\u00e1ch v\u00a0znen\u00ed neskor\u0161\u00edch predpisov a\u00a0\u00a7 71 ods. 1 p\u00edsm. c ) z\u00e1kona \u010d. 195\/1998 [&hellip;]<\/p>\n","protected":false},"author":1,"featured_media":0,"parent":0,"menu_order":0,"comment_status":"closed","ping_status":"closed","template":"","meta":[],"_links":{"self":[{"href":"https:\/\/ssmtn.sk\/index.php?rest_route=\/wp\/v2\/pages\/54"}],"collection":[{"href":"https:\/\/ssmtn.sk\/index.php?rest_route=\/wp\/v2\/pages"}],"about":[{"href":"https:\/\/ssmtn.sk\/index.php?rest_route=\/wp\/v2\/types\/page"}],"author":[{"embeddable":true,"href":"https:\/\/ssmtn.sk\/index.php?rest_route=\/wp\/v2\/users\/1"}],"replies":[{"embeddable":true,"href":"https:\/\/ssmtn.sk\/index.php?rest_route=%2Fwp%2Fv2%2Fcomments&post=54"}],"version-history":[{"count":7,"href":"https:\/\/ssmtn.sk\/index.php?rest_route=\/wp\/v2\/pages\/54\/revisions"}],"predecessor-version":[{"id":1778,"href":"https:\/\/ssmtn.sk\/index.php?rest_route=\/wp\/v2\/pages\/54\/revisions\/1778"}],"wp:attachment":[{"href":"https:\/\/ssmtn.sk\/index.php?rest_route=%2Fwp%2Fv2%2Fmedia&parent=54"}],"curies":[{"name":"wp","href":"https:\/\/api.w.org\/{rel}","templated":true}]}}