{"id":784,"date":"2018-03-27T15:08:42","date_gmt":"2018-03-27T13:08:42","guid":{"rendered":"http:\/\/ssmtn.sk\/?page_id=784"},"modified":"2025-12-22T15:34:46","modified_gmt":"2025-12-22T13:34:46","slug":"nepretrzita-prevadzka","status":"publish","type":"page","link":"https:\/\/ssmtn.sk\/?page_id=784","title":{"rendered":"Nepretr\u017eit\u00e1 prev\u00e1dzka"},"content":{"rendered":"<p><strong>Zariadenie opatrovate\u013eskej slu\u017eby<\/strong><\/p>\n<p><strong>S\u00eddlo:\u00a0 Piaristick\u00e1 42, Tren\u010d\u00edn<\/strong><\/p>\n<p><strong>Organiza\u010dn\u00e9 zariadenie<\/strong>: organiza\u010dn\u00e1 zlo\u017eka Soci\u00e1lnych slu\u017eieb mesta Tren\u010d\u00edn, m.r.o.<\/p>\n<p><strong>\u00a0<strong>Druh pobytu :\u00a0\u00a0 <span style=\"color: #ff0000;\">N e p r e t r \u017e i\u00a0t \u00e1\u00a0\u00a0\u00a0 p\u00a0 r\u00a0 e\u00a0 v\u00a0 \u00e1\u00a0 d\u00a0 z\u00a0k \u00a0a <\/span><\/strong><\/strong><\/p>\n<p><span style=\"color: #ff0000; text-decoration: underline;\"><strong>D\u013a\u017eka pobytu:\u00a0 6 mesiacov\u00a0<\/strong><\/span><\/p>\n<p><strong>Kontakt<\/strong> : tel<strong>.: 032\/ 64\u00a0024 63,<\/strong><\/p>\n<p><strong>Soci\u00e1lne oddelenie : <\/strong><\/p>\n<p><strong>Mgr. Jana Fruhbauerov\u00e1 , tel.: 0902 041 774, E-mail:\u00a0 \u00a0<\/strong><span style=\"color: #0000ff;\"><a style=\"color: #0000ff;\" href=\"mailto:jana.fruhbauerova@ssmtn.sk\"><span style=\"text-decoration: underline;\">jana.fruhbauerova@ssmtn.sk<\/span><\/a><\/span><strong>,\u00a0<\/strong><\/p>\n<p><strong>Hlavn\u00e1 sestra zariadenia:<\/strong><\/p>\n<p><strong> Mgr. Eva Toroniov\u00e1, tel.: 0902 911 077, E-mail:\u00a0 \u00a0<\/strong><span style=\"color: #0000ff;\">eva.toroniova@ssmtn.sk<\/span><\/p>\n<p><strong>Kapacita oddelenia:\u00a0 137<\/strong><\/p>\n<p><strong>Postup pri poskytovan\u00ed soci\u00e1lnej slu\u017eby:<\/strong><\/p>\n<p><strong>1. V pr\u00edpade \u017ee ob\u010dan nem\u00e1 doteraz\u00a0 miestopr\u00edslu\u0161n\u00fdm mestsk\u00fdm, resp. obecn\u00fdm \u00faradom vydan\u00e9 Rozhodnutie o odk\u00e1zanosti na soci\u00e1lnu slu\u017ebu v zariaden\u00ed\u00a0<\/strong>opatrovate\u013eskej slu\u017eby \u00a0pod\u00e1 si\u00a0 \u017eiados\u0165 na pr\u00edslu\u0161n\u00fd \u00darad pr\u00e1ce soci\u00e1lnych vec\u00ed a rodiny ( \u010falej len \u201cUPSVaR\u201d) o integrovan\u00fd posudok, ktorej s\u00fa\u010das\u0165ou je potvrdenie poskytovate\u013ea zdravotnej starostlivosti \/zmluvn\u00e9ho o\u0161etruj\u00faceho lek\u00e1ra\/ o zdravotnom stave.Na z\u00e1klade lek\u00e1rskych z\u00e1znamov a soci\u00e1lneho \u0161etrenia\u00a0 UPSVaR vyd\u00e1 integrovan\u00fd posudok na soci\u00e1lnu slu\u017ebu.<\/p>\n<p>2<strong>. Ak m\u00e1 ob\u010dan<\/strong>\u00a0z\u00e1ujem o poskytovanie soci\u00e1lnej slu\u017eby v zariaden\u00ed opatrovate\u013eskej slu\u017eby poskytovanej prostredn\u00edctvom mestskej rozpo\u010dtovej organiz\u00e1cie Soci\u00e1lne slu\u017eby mesta Tren\u010d\u00edn, m.r.o., pod\u00e1 p\u00edsomn\u00fa \u017eiados\u0165 o zabezpe\u010denie poskytovanie soci\u00e1lnej slu\u017eby spolu s pr\u00edlohami\u00a0 (Rozhodnutie o odk\u00e1zanosti na soci\u00e1lnu slu\u017ebu do zariadenia opatrovate\u013eskej slu\u017eby, posudok o odk\u00e1zanosti na soci\u00e1lnu slu\u017ebu do zariadenia opatrovate\u013eskej slu\u017eby alebo Integrovan\u00fd posudok vydan\u00fd UPSVaR\u00a0 a aktu\u00e1lny v\u00fdmer o d\u00f4chodku (sta\u010d\u00ed k\u00f3pia) zo soci\u00e1lnej pois\u0165ovne, resp. doklad o pr\u00edjme osobne alebo po\u0161tou na adresu: Soci\u00e1lne slu\u017eby mesta Tren\u010d\u00edn, m.r.o., ul. Piaristick\u00e1 42, Tren\u010d\u00edn 911 01.<\/p>\n<p>V\u00a0pr\u00edpade vo\u013en\u00e9ho miesta je \u017eiadate\u013e vyzvan\u00fd k\u00a0n\u00e1stupu do zariadenia, ak nie je vo\u013en\u00e9 miesto \u017eiados\u0165 evidujeme v evidencii \u010dakate\u013eov.<\/p>\n<p><strong>Z\u00e1rove\u0148 si na\u0161i klienti pod\u00e1vaj\u00fa \u017eiados\u0165 do in\u00e9ho soci\u00e1lneho zariadenia na dobu neur\u010dit\u00fa vzh\u013eadom k\u00a0tomu, \u017ee v\u00a0na\u0161om zariaden\u00ed s\u00fa umiestnen\u00ed len na dobu ur\u010dit\u00fa . <\/strong><\/p>\n<p><strong>\u00a0<\/strong><strong>O\u00a0n\u00e1s<\/strong><\/p>\n<p>V\u00a0zariaden\u00ed opatrovate\u013eskej slu\u017eby Soci\u00e1lnych slu\u017eieb mesta Tren\u010d\u00edn m.r.o. ( \u010falej len SsmT\u201c ) na ul. Piaristickej \u010d. 42 v\u00a0Tren\u010d\u00edne sa na oddelen\u00ed nepretr\u017eitej prev\u00e1dzky sa poskytuje soci\u00e1lna slu\u017eba <strong>na ur\u010dit\u00fd \u010das<\/strong> plnoletej fyzickej osobe, ktor\u00e1 je odk\u00e1zan\u00e1 na pomoc inej fyzickej osoby ak jej nemo\u017eno poskytn\u00fa\u0165 napr\u00edklad opatrovate\u013esk\u00fa slu\u017ebu v\u00a0prirodzenom rodinnom prostred\u00ed. V\u00a0Zariaden\u00ed opatrovate\u013eskej slu\u017eby na oddelen\u00ed s\u00a0nepretr\u017eitou prev\u00e1dzkou sa poskytuje 24-hodinv\u00e1 zdravotn\u00e1 a opatrovate\u013esk\u00fa starostlivos\u0165, odborn\u00e9 \u010dinnosti : pomoc pri odk\u00e1zanosti na pomoc inej fyzickej osoby, soci\u00e1lne poradenstvo, soci\u00e1lnu rehabilit\u00e1ciu ako aj o\u0161etrovate\u013esk\u00fa starostlivos\u0165. \u010eal\u0161ie \u010dinnosti s\u00fa obslu\u017en\u00e9: ubytovanie stravovanie upratovanie pranie \u017eehlenie a\u00a0\u00fadr\u017eba \u0161atstva, \u010fal\u0161ie \u010dinnosti utv\u00e1raj\u00fa podmienky na \u00faschovu cenn\u00fdch vec\u00ed.<\/p>\n<p>Stravovanie je zabezpe\u010dovan\u00e9 dod\u00e1vate\u013esky, poskytujeme racion\u00e1lnu, \u0161etriacu alebo diabetick\u00fa stravu.<\/p>\n<p>Podmienky poskytovania soci\u00e1lnej slu\u017eby v\u00a0na\u0161om zariaden\u00ed, v\u00fd\u0161ku a\u00a0sp\u00f4sob \u00fahrady za soci\u00e1lnu slu\u017ebu upravuje zmluva o\u00a0poskytovan\u00ed tejto soci\u00e1lnej slu\u017eby, ktor\u00e1 sa uzatv\u00e1ra v\u00a0de\u0148 prijatia klienta medzi poskytovate\u013eom soci\u00e1lnej slu\u017eby a\u00a0prij\u00edmate\u013eom soci\u00e1lnej slu\u017eby. V\u00fd\u0161ka \u00fahrady je\u00a0 ur\u010den\u00e1\u00a0 pod\u013ea V\u0161eobecne z\u00e1v\u00e4zn\u00e9ho nariadenia Mesta Tren\u010d\u00edn \u010d. 8\/2016, o\u00a0soci\u00e1lnych slu\u017eb\u00e1ch a\u00a0\u00fahrad\u00e1ch za poskytovan\u00e9\u00a0 soci\u00e1lne slu\u017eby v\u00a0zria\u010fovate\u013eskej p\u00f4sobnosti mesta Tren\u010d\u00edn.<\/p>\n<p>V\u00a0priebehu poskytovania soci\u00e1lnej slu\u017eby v\u00a0Zariaden\u00ed opatrovate\u013eskej slu\u017eby je\u00a0 klient povinn\u00fd poda\u0165 \u017eiados\u0165 o\u00a0poskytovanie soci\u00e1lnej slu\u017eby do zariadenia soci\u00e1lnych slu\u017eieb na dobu neur\u010dit\u00fa( Zariadenie pre seniorov, \u0161pecializovan\u00e9 zariadenie\u00a0, ap.)<\/p>\n<p>Komplexn\u00fa 24-hodinov\u00fa o\u0161etrovate\u013esk\u00fa a opatrovate\u013esk\u00fa starostlivos\u0165 zabezpe\u010duje t\u00edm odborne vzdelan\u00fdch zdravotn\u00edckych pracovn\u00edkov, opatrovateliek , sanit\u00e1rov a rehabilita\u010dn\u00fd pracovn\u00edk.<\/p>\n<p>V\u00a0zariaden\u00ed opatrovate\u013eskej slu\u017eby <strong>na nepretr\u017eitej prev\u00e1dzke\u00a0 <\/strong>\u00a0sa poskytuje ubytovanie, stravovanie\u00a0\u00a0a\u00a0obslu\u017en\u00e9 \u010dinnosti\u00a0<strong>na ur\u010dit\u00fd \u010das max. na 6 mesiacov<\/strong>. Ubytovanie je poskytovan\u00e9 v dvojl\u00f4\u017ekov\u00fdch\u00a0 izb\u00e1ch.<\/p>\n<p>Zamestnanci\u00a0 poskytuj\u00fa klientom pomoc pri sebaobslu\u017en\u00fdch \u00fakonoch, upratovanie, pranie,\u00a0 \u017eehlenie, ak je to potrebn\u00e9 doh\u013ead nad u\u017e\u00edvan\u00edm liekov i sprievod na lek\u00e1rske\u00a0 vy\u0161etrenia, drobn\u00e9 n\u00e1kupy, alebo sprev\u00e1dzaj\u00fa klienta pri \u00faradn\u00fdch z\u00e1le\u017eitostiach.<\/p>\n<p>Klienti maj\u00fa mo\u017enos\u0165\u00a0 nav\u0161tevova\u0165 tvoriv\u00e9 dielne, spolo\u010densk\u00e9 stretnutia, besedy i keramick\u00fa diel\u0148u, \u00a0ktor\u00e9 sa orientuj\u00fa na akt\u00edvne a zmyslupln\u00e9 vyu\u017e\u00edvanie vo\u013en\u00e9ho \u010dasu. Po dohode je k\u00a0\u00a0dispoz\u00edcii psychol\u00f3g a rehabilita\u010dn\u00fd pracovn\u00edk.<\/p>\n<p><strong>\u00a0<\/strong><\/p>\n","protected":false},"excerpt":{"rendered":"<p>Zariadenie opatrovate\u013eskej slu\u017eby S\u00eddlo:\u00a0 Piaristick\u00e1 42, Tren\u010d\u00edn Organiza\u010dn\u00e9 zariadenie: organiza\u010dn\u00e1 zlo\u017eka Soci\u00e1lnych slu\u017eieb mesta Tren\u010d\u00edn, m.r.o. \u00a0Druh pobytu :\u00a0\u00a0 N e p r e t r \u017e i\u00a0t \u00e1\u00a0\u00a0\u00a0 p\u00a0 r\u00a0 e\u00a0 v\u00a0 \u00e1\u00a0 d\u00a0 z\u00a0k \u00a0a D\u013a\u017eka pobytu:\u00a0 6 mesiacov\u00a0 Kontakt : tel.: 032\/ 64\u00a0024 63, Soci\u00e1lne oddelenie : Mgr. Jana Fruhbauerov\u00e1 , tel.: [&hellip;]<\/p>\n","protected":false},"author":5,"featured_media":0,"parent":0,"menu_order":0,"comment_status":"closed","ping_status":"closed","template":"","meta":[],"_links":{"self":[{"href":"https:\/\/ssmtn.sk\/index.php?rest_route=\/wp\/v2\/pages\/784"}],"collection":[{"href":"https:\/\/ssmtn.sk\/index.php?rest_route=\/wp\/v2\/pages"}],"about":[{"href":"https:\/\/ssmtn.sk\/index.php?rest_route=\/wp\/v2\/types\/page"}],"author":[{"embeddable":true,"href":"https:\/\/ssmtn.sk\/index.php?rest_route=\/wp\/v2\/users\/5"}],"replies":[{"embeddable":true,"href":"https:\/\/ssmtn.sk\/index.php?rest_route=%2Fwp%2Fv2%2Fcomments&post=784"}],"version-history":[{"count":19,"href":"https:\/\/ssmtn.sk\/index.php?rest_route=\/wp\/v2\/pages\/784\/revisions"}],"predecessor-version":[{"id":2262,"href":"https:\/\/ssmtn.sk\/index.php?rest_route=\/wp\/v2\/pages\/784\/revisions\/2262"}],"wp:attachment":[{"href":"https:\/\/ssmtn.sk\/index.php?rest_route=%2Fwp%2Fv2%2Fmedia&parent=784"}],"curies":[{"name":"wp","href":"https:\/\/api.w.org\/{rel}","templated":true}]}}