{"id":8,"date":"2014-02-07T11:27:28","date_gmt":"2014-02-07T09:27:28","guid":{"rendered":"http:\/\/ssmtn.sk\/?page_id=8"},"modified":"2024-05-20T09:51:46","modified_gmt":"2024-05-20T07:51:46","slug":"predmet-cinnosti","status":"publish","type":"page","link":"https:\/\/ssmtn.sk\/?page_id=8","title":{"rendered":"Predmet \u010dinnosti"},"content":{"rendered":"<p>SSmT s\u00fa mestsk\u00e1 rozpo\u010dtov\u00e1 organiz\u00e1cia so s\u00eddlom v\u00a0Tren\u010d\u00edne, hospod\u00e1ria pod\u013ea samostatn\u00e9ho rozpo\u010dtu schv\u00e1len\u00e9ho Mestsk\u00fdm zastupite\u013estvom v\u00a0Tren\u010d\u00edne.<\/p>\n<p>SSmT boli zriaden\u00e9 za \u00fa\u010delom poskytovania soci\u00e1lnych slu\u017eieb\u00a0 \u017eiadate\u013eom\u00a0 o soci\u00e1lne slu\u017eby v zmysle z\u00e1kona 448\/2008 o soci\u00e1lnych slu\u017eb\u00e1ch\u00a0 \u00a0a o zmene a doplnen\u00ed z\u00e1kona \u010d. 455\/91 Zb. o \u017eivnostenskom podnikan\u00ed v znen\u00ed neskor\u0161\u00edch predpisov.<\/p>\n<p><strong>Z\u00a0r i\u00a0a\u00a0\u010f o\u00a0v\u00a0a\u00a0c i\u00a0a\u00a0\u00a0 l i\u00a0s\u00a0t i\u00a0n a<\/strong><\/p>\n<p>Mesto Tren\u010d\u00edn pod\u013ea \u00a7 4 ods. 3 p\u00edsm. l) z\u00e1kona \u010d. 369\/1990 Zb. o\u00a0obecnom zriaden\u00ed v\u00a0znen\u00ed neskor\u0161\u00edch zmien a\u00a0doplnkov, z\u00e1kona \u010d. 138\/1991 Zb. o\u00a0majetku obc\u00ed v\u00a0znen\u00ed neskor\u0161\u00edch zmien a\u00a0doplnkov, z\u00e1kona \u010d. 523\/2004 Z.z. o\u00a0rozpo\u010dtov\u00fdch pravidl\u00e1ch v\u00a0znen\u00ed neskor\u0161\u00edch zmien a\u00a0doplnkov a \u00a7 80 p\u00edsm. i) z\u00e1kona\u00a0 \u010d. 448\/2008 Z.z o\u00a0soci\u00e1lnych slu\u017eb\u00e1ch\u00a0 a\u00a0o\u00a0zmene a\u00a0doplnen\u00ed z\u00e1kona \u010d. 455\/1991 Zb. o\u00a0\u017eivnostenskom podnikan\u00ed v\u00a0znen\u00ed neskor\u0161\u00edch predpisov( \u010falej len z\u00e1kon)<\/p>\n<p><strong>z\u00a0r i\u00a0a\u00a0\u010f u\u00a0j e<\/strong><\/p>\n<p>uznesen\u00edm Mestsk\u00e9ho zastupite\u013estva v\u00a0Tren\u010d\u00edne \u010d. 136 zo d\u0148a 30. augusta 2001 v\u00a0znen\u00ed uznesenia Mestsk\u00e9ho zastupite\u013estva v\u00a0Tren\u010d\u00edne \u010d. 28 zo d\u0148a 21.2.2002 mestsk\u00fa rozpo\u010dtov\u00fa organiz\u00e1ciu pod n\u00e1zvom:<\/p>\n<p><strong>Soci\u00e1lne slu\u017eby mesta Tren\u010d\u00edn, m.r.o.<\/strong><\/p>\n<p><strong>a) Zria\u010fovate\u013e :<\/strong> \u00a0\u00a0\u00a0\u00a0\u00a0 \u00a0\u00a0\u00a0\u00a0\u00a0\u00a0\u00a0\u00a0\u00a0\u00a0\u00a0\u00a0\u00a0\u00a0 Mesto Tren\u010d\u00edn<\/p>\n<p><strong>b) Identifik\u00e1cia organiz\u00e1cie:<\/strong><\/p>\n<p>N\u00e1zov: \u00a0\u00a0\u00a0\u00a0\u00a0\u00a0\u00a0\u00a0\u00a0\u00a0\u00a0\u00a0\u00a0\u00a0\u00a0\u00a0\u00a0\u00a0\u00a0\u00a0\u00a0\u00a0\u00a0\u00a0 \u00a0\u00a0\u00a0\u00a0\u00a0\u00a0\u00a0\u00a0\u00a0\u00a0\u00a0\u00a0\u00a0\u00a0 Soci\u00e1lne slu\u017eby mesta Tren\u010d\u00edn, m. r. o.<\/p>\n<p>S\u00eddlo: \u00a0\u00a0\u00a0\u00a0\u00a0\u00a0\u00a0\u00a0\u00a0\u00a0\u00a0\u00a0\u00a0\u00a0\u00a0\u00a0\u00a0\u00a0\u00a0\u00a0\u00a0\u00a0\u00a0\u00a0\u00a0\u00a0\u00a0 \u00a0\u00a0\u00a0\u00a0\u00a0\u00a0\u00a0\u00a0\u00a0\u00a0\u00a0\u00a0\u00a0\u00a0 Tren\u010d\u00edn, Ulica Piaristick\u00e1 \u010d. 42<\/p>\n<p>I\u010cO:\u00a0\u00a0\u00a0\u00a0\u00a0\u00a0\u00a0\u00a0\u00a0\u00a0\u00a0\u00a0\u00a0\u00a0\u00a0 \u00a0\u00a0\u00a0\u00a0\u00a0\u00a0\u00a0\u00a0\u00a0\u00a0\u00a0\u00a0\u00a0 \u00a0\u00a0\u00a0\u00a0\u00a0\u00a0\u00a0\u00a0\u00a0\u00a0\u00a0\u00a0\u00a0\u00a0 36\u00a0124\u00a0702<\/p>\n<p><strong>c) Forma hospod\u00e1renia :<\/strong><\/p>\n<p>Rozpo\u010dtov\u00e1 organiz\u00e1cia je svojimi pr\u00edjmami a\u00a0v\u00fddavkami zapojen\u00e1 na rozpo\u010det Mesta Tren\u010d\u00edn. Hospod\u00e1ri samostatne pod\u013ea schv\u00e1len\u00e9ho rozpo\u010dtu s\u00a0prostriedkami, ktor\u00e9 im ur\u010dilo Mesto Tren\u010d\u00edn v\u00a0r\u00e1mci svojho rozpo\u010dtu.Organiz\u00e1cia nevykon\u00e1va podnikate\u013esk\u00fa \u010dinnos\u0165.<\/p>\n<p><strong>d) D\u00e1tum zriadenia:<\/strong> janu\u00e1r 2002<\/p>\n<p><strong>e)Vymedzenie predmetu \u010dinnosti<\/strong><\/p>\n<p><strong>\u00a0<\/strong>\u00a0\u00a0\u00a0\u00a0\u00a0 Soci\u00e1lne slu\u017eby mesta Tren\u010d\u00edn m. r. o. poskytuj\u00fa nasledovn\u00e9 soci\u00e1lne slu\u017eby:<\/p>\n<ol>\n<li>V\u00a0zariaden\u00ed opatrovate\u013eskej slu\u017eby na ul. Piaristickej 42, Tren\u010d\u00edn\u00a0 poskytuj\u00fa soci\u00e1lnu slu\u017ebu na ur\u010dit\u00fd \u010das plnoletej fyzickej osobe, ktor\u00e1 je odk\u00e1zan\u00e1 na pomoc inej fyzickej osoby pod\u013ea pr\u00edlohy \u010d. 3 z\u00e1kona<\/li>\n<\/ol>\n<ul>\n<li>na oddelen\u00ed s\u00a0nepretr\u017eitou prev\u00e1dzkou<\/li>\n<li>na celoro\u010dnom pobyte s opatrovate\u013eskou slu\u017ebou<\/li>\n<\/ul>\n<ol start=\"2\">\n<li>V zariaden\u00ed pre seniorov na ul. Lavi\u010dkov\u00e1 10, Tren\u010d\u00edn, poskytuj\u00fa soci\u00e1lnu slu\u017ebu fyzickej osobe, ktor\u00e1 dov\u0155\u0161ila d\u00f4chodkov\u00fd vek a je odk\u00e1zan\u00e1 na pomoc inej fyzickej osoby pod\u013ea pr\u00edlohy \u010d. 3 z\u00e1kona alebo poskytovanie soci\u00e1lnej slu\u017eby v tomto zariaden\u00ed potrebuje z in\u00fdch v\u00e1\u017enych d\u00f4vodov<\/li>\n<\/ol>\n<ol start=\"3\">\n<li>Opatrovate\u013esk\u00fa slu\u017ebu v byte ob\u010dana poskytuje fyzickej osobe, ktor\u00e1 je odk\u00e1zan\u00e1 na pomoc inej fyzickej osoby pod\u013ea pr\u00edlohy \u010d. 3 z\u00e1kona alebo je odk\u00e1zan\u00e1 pri \u00fakonoch sebaobsluhy, \u00fakonoch starostlivosti o svoju dom\u00e1cnos\u0165 a z\u00e1kladn\u00fdch soci\u00e1lnych aktivit\u00e1ch<\/li>\n<\/ol>\n<ol start=\"4\">\n<li>Prepravn\u00fa slu\u017ebu ob\u010danom odk\u00e1zan\u00fdm na individu\u00e1lnu prepravu<\/li>\n<\/ol>\n<ol start=\"5\">\n<li>V Zariaden\u00ed starostlivosti o deti do troch rokov veku die\u0165a\u0165a poskytuj\u00fa soci\u00e1lne slu\u017eby na podporu zos\u00fala\u010fovania rodinn\u00e9ho a pracovn\u00e9ho \u017eivota poskytovan\u00edm starostlivosti o die\u0165a do konca kalend\u00e1rneho roku , v ktorom dov\u0155\u0161i tri roky veku, ak sa rodi\u010d alebo fyzick\u00e1 osoba, ktor\u00e1 m\u00e1 die\u0165a zveren\u00e9 do osobnej starostlivosti na z\u00e1klade rozhodnutia s\u00fadu, pripravuje na povolanie\u00a0 \u0161t\u00fadiom na strednej alebo vysokej \u0161kole , pripravuje sa na trh pr\u00e1ce, alebo vykon\u00e1va aktivity spojen\u00e9 so vstupom alebo s n\u00e1vratom na trh pr\u00e1ce, alebo vykon\u00e1va z\u00e1robkov\u00fa \u010dinnos\u0165.<\/li>\n<\/ol>\n<ol start=\"6\">\n<li>Zabezpe\u010duj\u00fa stravovanie pre deti materskej \u0161koly na ul. 28. okt\u00f3bra, Tren\u010d\u00edn<\/li>\n<\/ol>\n<ol start=\"7\">\n<li>Prev\u00e1dzkovanie noc\u013eah\u00e1rne a n\u00edzkoprahov\u00e9ho denn\u00e9ho centra na \u00a0 M. Ne\u0161poru \u010d. 8<\/li>\n<\/ol>\n<ol start=\"8\">\n<li>Poskytovanie dovozu obedov nad r\u00e1mec z\u00e1kona o soci\u00e1lnych slu\u017eb\u00e1ch fyzickej osobe, ktor\u00e1 dov\u0155\u0161ila d\u00f4chodkov\u00fd vek a z\u00e1rove\u0148 m\u00e1 \u0165a\u017ek\u00e9 zdravotn\u00e9 postihnutie, alebo pre svoj nepriazniv\u00fd zdravotn\u00fd stav si nem\u00f4\u017ee zabezpe\u010di\u0165 z\u00e1kladn\u00e9 \u017eivotn\u00e9 potreby.<\/li>\n<\/ol>\n<ol start=\"9\">\n<li>Poskytuje ter\u00e9nnou formou soci\u00e1lnu slu\u017ebu na podporu rodiny s de\u0165mi, a to pomoc pri osobnej starostlivosti o die\u0165a v dom\u00e1com prostred\u00ed, ak rodi\u010d alebo fyzick\u00e1 osoba, ktor\u00e1 m\u00e1 die\u0165a zveren\u00e9 do osobnej starostlivosti na z\u00e1klade rozhodnutia s\u00fadu, nem\u00f4\u017ee zabezpe\u010di\u0165 osobn\u00fa starostlivos\u0165 o malolet\u00e9 die\u0165a sama alebo s pomocou rodiny a nie s\u00fa \u010fal\u0161ie d\u00f4vody, pre ktor\u00e9 je potrebn\u00e9 v z\u00e1ujme die\u0165a\u0165a postupova\u0165 pod\u013ea z\u00e1kona \u010d. 305\/2005 Z. z. o rodine v znen\u00ed neskor\u0161\u00edch predpisov<\/li>\n<\/ol>\n<ol start=\"10\">\n<li>Poskytovanie slu\u017eby monitorovanie a signaliz\u00e1cie potreby pomoci<\/li>\n<\/ol>\n<p>11. Poskytuje ter\u00e9nnu soci\u00e1lnu slu\u017ebu kr\u00edzovej intervencie<\/p>\n<p><strong>f) \u0160tatut\u00e1rny org\u00e1n:<\/strong><\/p>\n<p>\u0160tatut\u00e1rny org\u00e1n organiz\u00e1cie je riadite\u013e, ktor\u00e9ho menuje a\u00a0odvol\u00e1va na n\u00e1vrh prim\u00e1tora mesta Tren\u010d\u00edn\u00a0 Mestsk\u00e9 zastupite\u013estvo v\u00a0Tren\u010d\u00edne<\/p>\n<p><strong>g) Vecn\u00e9 a\u00a0finan\u010dn\u00e9 vymedzenie majetku:<\/strong><\/p>\n<p>Organiz\u00e1cia spravuje majetok, ktor\u00fd jej bol dan\u00fd do spr\u00e1vy. Majetok je vy\u010d\u00edslen\u00fd na z\u00e1klade s\u00favahy k\u00a01.1.2010, ktor\u00e1 je nedelite\u013enou s\u00fa\u010das\u0165ou tejto listiny<\/p>\n<p><strong>h) Vymedzenie doby na ktor\u00fa je organiz\u00e1cia zriaden\u00e1:<\/strong><\/p>\n<p>Soci\u00e1lne slu\u017eby mesta Tren\u010d\u00edn, m. r. o. sa zria\u010fuj\u00fa s\u00a0\u00fa\u010dinnos\u0165ou od 1. janu\u00e1ra 2002 na dobu neur\u010dit\u00fa.<\/p>\n<p>&nbsp;<\/p>\n","protected":false},"excerpt":{"rendered":"<p>SSmT s\u00fa mestsk\u00e1 rozpo\u010dtov\u00e1 organiz\u00e1cia so s\u00eddlom v\u00a0Tren\u010d\u00edne, hospod\u00e1ria pod\u013ea samostatn\u00e9ho rozpo\u010dtu schv\u00e1len\u00e9ho Mestsk\u00fdm zastupite\u013estvom v\u00a0Tren\u010d\u00edne. SSmT boli zriaden\u00e9 za \u00fa\u010delom poskytovania soci\u00e1lnych slu\u017eieb\u00a0 \u017eiadate\u013eom\u00a0 o soci\u00e1lne slu\u017eby v zmysle z\u00e1kona 448\/2008 o soci\u00e1lnych slu\u017eb\u00e1ch\u00a0 \u00a0a o zmene a doplnen\u00ed z\u00e1kona \u010d. 455\/91 Zb. o \u017eivnostenskom podnikan\u00ed v znen\u00ed neskor\u0161\u00edch predpisov. Z\u00a0r i\u00a0a\u00a0\u010f o\u00a0v\u00a0a\u00a0c i\u00a0a\u00a0\u00a0 [&hellip;]<\/p>\n","protected":false},"author":1,"featured_media":0,"parent":54,"menu_order":0,"comment_status":"closed","ping_status":"closed","template":"","meta":[],"_links":{"self":[{"href":"https:\/\/ssmtn.sk\/index.php?rest_route=\/wp\/v2\/pages\/8"}],"collection":[{"href":"https:\/\/ssmtn.sk\/index.php?rest_route=\/wp\/v2\/pages"}],"about":[{"href":"https:\/\/ssmtn.sk\/index.php?rest_route=\/wp\/v2\/types\/page"}],"author":[{"embeddable":true,"href":"https:\/\/ssmtn.sk\/index.php?rest_route=\/wp\/v2\/users\/1"}],"replies":[{"embeddable":true,"href":"https:\/\/ssmtn.sk\/index.php?rest_route=%2Fwp%2Fv2%2Fcomments&post=8"}],"version-history":[{"count":5,"href":"https:\/\/ssmtn.sk\/index.php?rest_route=\/wp\/v2\/pages\/8\/revisions"}],"predecessor-version":[{"id":2120,"href":"https:\/\/ssmtn.sk\/index.php?rest_route=\/wp\/v2\/pages\/8\/revisions\/2120"}],"up":[{"embeddable":true,"href":"https:\/\/ssmtn.sk\/index.php?rest_route=\/wp\/v2\/pages\/54"}],"wp:attachment":[{"href":"https:\/\/ssmtn.sk\/index.php?rest_route=%2Fwp%2Fv2%2Fmedia&parent=8"}],"curies":[{"name":"wp","href":"https:\/\/api.w.org\/{rel}","templated":true}]}}