{"id":818,"date":"2018-03-28T12:21:36","date_gmt":"2018-03-28T10:21:36","guid":{"rendered":"http:\/\/ssmtn.sk\/?page_id=818"},"modified":"2025-07-29T11:44:13","modified_gmt":"2025-07-29T09:44:13","slug":"ambulancia-zariadenie-opatrovatelskej-sluzby","status":"publish","type":"page","link":"https:\/\/ssmtn.sk\/?page_id=818","title":{"rendered":"Ambulancia &#8211; Zariadenie opatrovate\u013eskej slu\u017eby"},"content":{"rendered":"<p style=\"text-align: justify;\">Soci\u00e1lne slu\u017eby mesta Tren\u010d\u00edn, m.r.o.<\/p>\n<p style=\"text-align: justify;\">Zariadenie opatrovate\u013eskej slu\u017eby<\/p>\n<p style=\"text-align: justify;\"><strong>\u00a0<\/strong><\/p>\n<p style=\"text-align: justify;\">\n<p style=\"text-align: justify;\">\u00a0<strong>\u00a0<\/strong><\/p>\n<p style=\"text-align: justify;\">\n","protected":false},"excerpt":{"rendered":"<p>Soci\u00e1lne slu\u017eby mesta Tren\u010d\u00edn, m.r.o. Zariadenie opatrovate\u013eskej slu\u017eby \u00a0 \u00a0\u00a0<\/p>\n","protected":false},"author":5,"featured_media":0,"parent":0,"menu_order":0,"comment_status":"closed","ping_status":"closed","template":"","meta":[],"_links":{"self":[{"href":"https:\/\/ssmtn.sk\/index.php?rest_route=\/wp\/v2\/pages\/818"}],"collection":[{"href":"https:\/\/ssmtn.sk\/index.php?rest_route=\/wp\/v2\/pages"}],"about":[{"href":"https:\/\/ssmtn.sk\/index.php?rest_route=\/wp\/v2\/types\/page"}],"author":[{"embeddable":true,"href":"https:\/\/ssmtn.sk\/index.php?rest_route=\/wp\/v2\/users\/5"}],"replies":[{"embeddable":true,"href":"https:\/\/ssmtn.sk\/index.php?rest_route=%2Fwp%2Fv2%2Fcomments&post=818"}],"version-history":[{"count":5,"href":"https:\/\/ssmtn.sk\/index.php?rest_route=\/wp\/v2\/pages\/818\/revisions"}],"predecessor-version":[{"id":2232,"href":"https:\/\/ssmtn.sk\/index.php?rest_route=\/wp\/v2\/pages\/818\/revisions\/2232"}],"wp:attachment":[{"href":"https:\/\/ssmtn.sk\/index.php?rest_route=%2Fwp%2Fv2%2Fmedia&parent=818"}],"curies":[{"name":"wp","href":"https:\/\/api.w.org\/{rel}","templated":true}]}}