{"id":920,"date":"2018-06-04T10:52:56","date_gmt":"2018-06-04T08:52:56","guid":{"rendered":"http:\/\/ssmtn.sk\/?page_id=920"},"modified":"2024-05-27T07:26:18","modified_gmt":"2024-05-27T05:26:18","slug":"povinne-zverejnovanie-gdpr","status":"publish","type":"page","link":"https:\/\/ssmtn.sk\/?page_id=920","title":{"rendered":"Ochrana osobn\u00fdch \u00fadajov"},"content":{"rendered":"<p>&nbsp;<\/p>\n<p>Povinn\u00e9 informovanie:<\/p>\n<p>Sprac\u00favanie osobn\u00fdch \u00fadajov sa riadi nariaden\u00edm EP a Rady E\u00da \u010d. 2016\/679 o ochrane fyzick\u00fdch os\u00f4b pri sprac\u00favan\u00ed osobn\u00fdch \u00fadajov a o vo\u013enom pohybe tak\u00fdchto \u00fadajov, ktor\u00fdm sa zru\u0161uje smernica 95\/46\/ES (v\u0161eobecn\u00e9 nariadenie o ochrane \u00fadajov) a z\u00e1konom SR \u010d. 18\/2018 Z. z. o ochrane osobn\u00fdch \u00fadajov a o zmene a doplnen\u00ed niektor\u00fdch z\u00e1konov (\u010falej len: \u201ez\u00e1kon o ochrane osobn\u00fdch \u00fadajov\u201c).<\/p>\n<p>Zodpovedn\u00e1 osoba v oblasti ochrany osobn\u00fdch \u00fadajov:<\/p>\n<p>Dominik \u010cu\u010dhran, GET PROFI s. r. o.<\/p>\n<p>Kontakt: gdpr@getprofi.sk<\/p>\n<p>Pravidl\u00e1 sprac\u00favania osobn\u00fdch \u00fadajov a informa\u010dn\u00e1 povinnos\u0165 s\u00fa obsiahnut\u00e9 v nasledovnom dokumente:<\/p>\n<p><strong><a href=\"https:\/\/ssmtn.sk\/wp-content\/uploads\/2024\/05\/Povinne-informovanie.pdf\">Povinn\u00e9 informovanie<\/a><\/strong><\/p>\n<p>&nbsp;<\/p>\n<p>&nbsp;<\/p>\n","protected":false},"excerpt":{"rendered":"<p>&nbsp; Povinn\u00e9 informovanie: Sprac\u00favanie osobn\u00fdch \u00fadajov sa riadi nariaden\u00edm EP a Rady E\u00da \u010d. 2016\/679 o ochrane fyzick\u00fdch os\u00f4b pri sprac\u00favan\u00ed osobn\u00fdch \u00fadajov a o vo\u013enom pohybe tak\u00fdchto \u00fadajov, ktor\u00fdm sa zru\u0161uje smernica 95\/46\/ES (v\u0161eobecn\u00e9 nariadenie o ochrane \u00fadajov) a z\u00e1konom SR \u010d. 18\/2018 Z. z. o ochrane osobn\u00fdch \u00fadajov a o zmene a doplnen\u00ed [&hellip;]<\/p>\n","protected":false},"author":3,"featured_media":0,"parent":0,"menu_order":0,"comment_status":"closed","ping_status":"closed","template":"","meta":[],"_links":{"self":[{"href":"https:\/\/ssmtn.sk\/index.php?rest_route=\/wp\/v2\/pages\/920"}],"collection":[{"href":"https:\/\/ssmtn.sk\/index.php?rest_route=\/wp\/v2\/pages"}],"about":[{"href":"https:\/\/ssmtn.sk\/index.php?rest_route=\/wp\/v2\/types\/page"}],"author":[{"embeddable":true,"href":"https:\/\/ssmtn.sk\/index.php?rest_route=\/wp\/v2\/users\/3"}],"replies":[{"embeddable":true,"href":"https:\/\/ssmtn.sk\/index.php?rest_route=%2Fwp%2Fv2%2Fcomments&post=920"}],"version-history":[{"count":9,"href":"https:\/\/ssmtn.sk\/index.php?rest_route=\/wp\/v2\/pages\/920\/revisions"}],"predecessor-version":[{"id":2139,"href":"https:\/\/ssmtn.sk\/index.php?rest_route=\/wp\/v2\/pages\/920\/revisions\/2139"}],"wp:attachment":[{"href":"https:\/\/ssmtn.sk\/index.php?rest_route=%2Fwp%2Fv2%2Fmedia&parent=920"}],"curies":[{"name":"wp","href":"https:\/\/api.w.org\/{rel}","templated":true}]}}